{"id":3,"date":"2022-02-26T07:57:35","date_gmt":"2022-02-26T06:57:35","guid":{"rendered":"https:\/\/5sens.tn\/?page_id=3"},"modified":"2023-08-21T09:59:59","modified_gmt":"2023-08-21T07:59:59","slug":"politique-de-confidentialite","status":"publish","type":"page","link":"https:\/\/5sens.tn\/en\/politique-de-confidentialite\/","title":{"rendered":"Politique de confidentialit\u00e9"},"content":{"rendered":"<p>Texte politique de confidentialit\u00e9 \u00e0 completer.<\/p>","protected":false},"excerpt":{"rendered":"<p>Texte politique de confidentialit\u00e9 \u00e0 completer.<\/p>","protected":false},"author":1,"featured_media":0,"parent":0,"menu_order":0,"comment_status":"closed","ping_status":"closed","template":"","meta":{"_acf_changed":false,"_et_pb_use_builder":"","_et_pb_old_content":"","_et_gb_content_width":"","footnotes":""},"class_list":["post-3","page","type-page","status-publish","hentry"],"acf":[],"yoast_head":"<!-- This site is optimized with the Yoast SEO plugin v27.3 - https:\/\/yoast.com\/product\/yoast-seo-wordpress\/ -->\n<title>Politique de confidentialit\u00e9 - 5 Sens, agence de communication tunisie<\/title>\n<meta name=\"description\" content=\"Texte politique de confidentialit\u00e9 \u00e0 completer.\" \/>\n<meta name=\"robots\" content=\"noindex, follow\" \/>\n<meta property=\"og:locale\" content=\"en_GB\" \/>\n<meta property=\"og:type\" content=\"article\" \/>\n<meta property=\"og:title\" content=\"Politique de confidentialit\u00e9 - 5 Sens, agence de communication tunisie\" \/>\n<meta property=\"og:description\" content=\"Texte politique de confidentialit\u00e9 \u00e0 completer.\" \/>\n<meta property=\"og:url\" content=\"https:\/\/5sens.tn\/en\/politique-de-confidentialite\/\" \/>\n<meta property=\"og:site_name\" content=\"5 Sens, agence de communication tunisie\" \/>\n<meta property=\"article:publisher\" content=\"https:\/\/www.facebook.com\/5sensadvertising\" \/>\n<meta property=\"article:modified_time\" content=\"2023-08-21T07:59:59+00:00\" \/>\n<meta name=\"twitter:card\" content=\"summary_large_image\" \/>\n<script type=\"application\/ld+json\" class=\"yoast-schema-graph\">{\"@context\":\"https:\\\/\\\/schema.org\",\"@graph\":[{\"@type\":\"WebPage\",\"@id\":\"https:\\\/\\\/5sens.tn\\\/politique-de-confidentialite\\\/\",\"url\":\"https:\\\/\\\/5sens.tn\\\/politique-de-confidentialite\\\/\",\"name\":\"Politique de confidentialit\u00e9 - 5 Sens, agence de communication tunisie\",\"isPartOf\":{\"@id\":\"https:\\\/\\\/5sens.tn\\\/#website\"},\"datePublished\":\"2022-02-26T06:57:35+00:00\",\"dateModified\":\"2023-08-21T07:59:59+00:00\",\"description\":\"Texte politique de confidentialit\u00e9 \u00e0 completer.\",\"breadcrumb\":{\"@id\":\"https:\\\/\\\/5sens.tn\\\/politique-de-confidentialite\\\/#breadcrumb\"},\"inLanguage\":\"en-GB\",\"potentialAction\":[{\"@type\":\"ReadAction\",\"target\":[\"https:\\\/\\\/5sens.tn\\\/politique-de-confidentialite\\\/\"]}]},{\"@type\":\"BreadcrumbList\",\"@id\":\"https:\\\/\\\/5sens.tn\\\/politique-de-confidentialite\\\/#breadcrumb\",\"itemListElement\":[{\"@type\":\"ListItem\",\"position\":1,\"name\":\"Accueil\",\"item\":\"https:\\\/\\\/5sens.tn\\\/\"},{\"@type\":\"ListItem\",\"position\":2,\"name\":\"Politique de confidentialit\u00e9\"}]},{\"@type\":\"WebSite\",\"@id\":\"https:\\\/\\\/5sens.tn\\\/#website\",\"url\":\"https:\\\/\\\/5sens.tn\\\/\",\"name\":\"5 Sens, agence de communication tunisie\",\"description\":\"Agence de communication et de conseil en marketing, branding, \u00e9v\u00e8nementiel et strat\u00e9gie digitale\",\"publisher\":{\"@id\":\"https:\\\/\\\/5sens.tn\\\/#organization\"},\"alternateName\":\"agence de communication tunisie\",\"potentialAction\":[{\"@type\":\"SearchAction\",\"target\":{\"@type\":\"EntryPoint\",\"urlTemplate\":\"https:\\\/\\\/5sens.tn\\\/?s={search_term_string}\"},\"query-input\":{\"@type\":\"PropertyValueSpecification\",\"valueRequired\":true,\"valueName\":\"search_term_string\"}}],\"inLanguage\":\"en-GB\"},{\"@type\":\"Organization\",\"@id\":\"https:\\\/\\\/5sens.tn\\\/#organization\",\"name\":\"5 Sens, agence de communication tunisie\",\"alternateName\":\"Agence de communication tunisie\",\"url\":\"https:\\\/\\\/5sens.tn\\\/\",\"logo\":{\"@type\":\"ImageObject\",\"inLanguage\":\"en-GB\",\"@id\":\"https:\\\/\\\/5sens.tn\\\/#\\\/schema\\\/logo\\\/image\\\/\",\"url\":\"\",\"contentUrl\":\"\",\"caption\":\"5 Sens, agence de communication tunisie\"},\"image\":{\"@id\":\"https:\\\/\\\/5sens.tn\\\/#\\\/schema\\\/logo\\\/image\\\/\"},\"sameAs\":[\"https:\\\/\\\/www.facebook.com\\\/5sensadvertising\"]}]}<\/script>\n<!-- \/ Yoast SEO plugin. -->","yoast_head_json":{"title":"Politique de confidentialit\u00e9 - 5 Sens, agence de communication tunisie","description":"Texte politique de confidentialit\u00e9 \u00e0 completer.","robots":{"index":"noindex","follow":"follow"},"og_locale":"en_GB","og_type":"article","og_title":"Politique de confidentialit\u00e9 - 5 Sens, agence de communication tunisie","og_description":"Texte politique de confidentialit\u00e9 \u00e0 completer.","og_url":"https:\/\/5sens.tn\/en\/politique-de-confidentialite\/","og_site_name":"5 Sens, agence de communication tunisie","article_publisher":"https:\/\/www.facebook.com\/5sensadvertising","article_modified_time":"2023-08-21T07:59:59+00:00","twitter_card":"summary_large_image","schema":{"@context":"https:\/\/schema.org","@graph":[{"@type":"WebPage","@id":"https:\/\/5sens.tn\/politique-de-confidentialite\/","url":"https:\/\/5sens.tn\/politique-de-confidentialite\/","name":"Politique de confidentialit\u00e9 - 5 Sens, agence de communication tunisie","isPartOf":{"@id":"https:\/\/5sens.tn\/#website"},"datePublished":"2022-02-26T06:57:35+00:00","dateModified":"2023-08-21T07:59:59+00:00","description":"Texte politique de confidentialit\u00e9 \u00e0 completer.","breadcrumb":{"@id":"https:\/\/5sens.tn\/politique-de-confidentialite\/#breadcrumb"},"inLanguage":"en-GB","potentialAction":[{"@type":"ReadAction","target":["https:\/\/5sens.tn\/politique-de-confidentialite\/"]}]},{"@type":"BreadcrumbList","@id":"https:\/\/5sens.tn\/politique-de-confidentialite\/#breadcrumb","itemListElement":[{"@type":"ListItem","position":1,"name":"Accueil","item":"https:\/\/5sens.tn\/"},{"@type":"ListItem","position":2,"name":"Politique de confidentialit\u00e9"}]},{"@type":"WebSite","@id":"https:\/\/5sens.tn\/#website","url":"https:\/\/5sens.tn\/","name":"5 Sens, agence de communication tunisie","description":"Agence de communication et de conseil en marketing, branding, \u00e9v\u00e8nementiel et strat\u00e9gie digitale","publisher":{"@id":"https:\/\/5sens.tn\/#organization"},"alternateName":"agence de communication tunisie","potentialAction":[{"@type":"SearchAction","target":{"@type":"EntryPoint","urlTemplate":"https:\/\/5sens.tn\/?s={search_term_string}"},"query-input":{"@type":"PropertyValueSpecification","valueRequired":true,"valueName":"search_term_string"}}],"inLanguage":"en-GB"},{"@type":"Organization","@id":"https:\/\/5sens.tn\/#organization","name":"5 Sens, agence de communication tunisie","alternateName":"Agence de communication tunisie","url":"https:\/\/5sens.tn\/","logo":{"@type":"ImageObject","inLanguage":"en-GB","@id":"https:\/\/5sens.tn\/#\/schema\/logo\/image\/","url":"","contentUrl":"","caption":"5 Sens, agence de communication tunisie"},"image":{"@id":"https:\/\/5sens.tn\/#\/schema\/logo\/image\/"},"sameAs":["https:\/\/www.facebook.com\/5sensadvertising"]}]}},"_links":{"self":[{"href":"https:\/\/5sens.tn\/en\/wp-json\/wp\/v2\/pages\/3","targetHints":{"allow":["GET"]}}],"collection":[{"href":"https:\/\/5sens.tn\/en\/wp-json\/wp\/v2\/pages"}],"about":[{"href":"https:\/\/5sens.tn\/en\/wp-json\/wp\/v2\/types\/page"}],"author":[{"embeddable":true,"href":"https:\/\/5sens.tn\/en\/wp-json\/wp\/v2\/users\/1"}],"replies":[{"embeddable":true,"href":"https:\/\/5sens.tn\/en\/wp-json\/wp\/v2\/comments?post=3"}],"version-history":[{"count":0,"href":"https:\/\/5sens.tn\/en\/wp-json\/wp\/v2\/pages\/3\/revisions"}],"wp:attachment":[{"href":"https:\/\/5sens.tn\/en\/wp-json\/wp\/v2\/media?parent=3"}],"curies":[{"name":"wp","href":"https:\/\/api.w.org\/{rel}","templated":true}]}}