{"id":390095,"date":"2023-10-10T10:44:10","date_gmt":"2023-10-10T08:44:10","guid":{"rendered":"https:\/\/5sens.tn\/politique-de-cookies-ue\/"},"modified":"2025-10-22T18:17:35","modified_gmt":"2025-10-22T16:17:35","slug":"politique-de-cookies-ue","status":"publish","type":"page","link":"https:\/\/5sens.tn\/en\/politique-de-cookies-ue\/","title":{"rendered":"Politique de cookies (UE)"},"content":{"rendered":"","protected":false},"excerpt":{"rendered":"","protected":false},"author":12,"featured_media":0,"parent":0,"menu_order":0,"comment_status":"closed","ping_status":"closed","template":"","meta":{"_acf_changed":false,"_et_pb_use_builder":"","_et_pb_old_content":"","_et_gb_content_width":"","footnotes":""},"class_list":["post-390095","page","type-page","status-publish","hentry"],"acf":[],"yoast_head":"<!-- This site is optimized with the Yoast SEO plugin v27.4 - https:\/\/yoast.com\/product\/yoast-seo-wordpress\/ -->\n<title>Politique de cookies (UE) - 5 Sens, agence de communication tunisie<\/title>\n<meta name=\"robots\" content=\"noindex, follow\" \/>\n<meta property=\"og:locale\" content=\"en_GB\" \/>\n<meta property=\"og:type\" content=\"article\" \/>\n<meta property=\"og:title\" content=\"Politique de cookies (UE) - 5 Sens, agence de communication tunisie\" \/>\n<meta property=\"og:url\" content=\"https:\/\/5sens.tn\/en\/politique-de-cookies-ue\/\" \/>\n<meta property=\"og:site_name\" content=\"5 Sens, agence de communication tunisie\" \/>\n<meta property=\"article:publisher\" content=\"https:\/\/www.facebook.com\/5sensadvertising\" \/>\n<meta property=\"article:modified_time\" content=\"2025-10-22T16:17:35+00:00\" \/>\n<meta name=\"twitter:card\" content=\"summary_large_image\" \/>\n<script type=\"application\/ld+json\" class=\"yoast-schema-graph\">{\"@context\":\"https:\\\/\\\/schema.org\",\"@graph\":[{\"@type\":\"WebPage\",\"@id\":\"https:\\\/\\\/5sens.tn\\\/politique-de-cookies-ue\\\/\",\"url\":\"https:\\\/\\\/5sens.tn\\\/politique-de-cookies-ue\\\/\",\"name\":\"Politique de cookies (UE) - 5 Sens, agence de communication tunisie\",\"isPartOf\":{\"@id\":\"https:\\\/\\\/5sens.tn\\\/#website\"},\"datePublished\":\"2023-10-10T08:44:10+00:00\",\"dateModified\":\"2025-10-22T16:17:35+00:00\",\"breadcrumb\":{\"@id\":\"https:\\\/\\\/5sens.tn\\\/politique-de-cookies-ue\\\/#breadcrumb\"},\"inLanguage\":\"en-GB\",\"potentialAction\":[{\"@type\":\"ReadAction\",\"target\":[\"https:\\\/\\\/5sens.tn\\\/politique-de-cookies-ue\\\/\"]}]},{\"@type\":\"BreadcrumbList\",\"@id\":\"https:\\\/\\\/5sens.tn\\\/politique-de-cookies-ue\\\/#breadcrumb\",\"itemListElement\":[{\"@type\":\"ListItem\",\"position\":1,\"name\":\"Accueil\",\"item\":\"https:\\\/\\\/5sens.tn\\\/\"},{\"@type\":\"ListItem\",\"position\":2,\"name\":\"Politique de cookies (UE)\"}]},{\"@type\":\"WebSite\",\"@id\":\"https:\\\/\\\/5sens.tn\\\/#website\",\"url\":\"https:\\\/\\\/5sens.tn\\\/\",\"name\":\"5 Sens, agence de communication tunisie\",\"description\":\"Agence de communication et de conseil en marketing, branding, \u00e9v\u00e8nementiel et strat\u00e9gie digitale\",\"publisher\":{\"@id\":\"https:\\\/\\\/5sens.tn\\\/#organization\"},\"alternateName\":\"agence de communication tunisie\",\"potentialAction\":[{\"@type\":\"SearchAction\",\"target\":{\"@type\":\"EntryPoint\",\"urlTemplate\":\"https:\\\/\\\/5sens.tn\\\/?s={search_term_string}\"},\"query-input\":{\"@type\":\"PropertyValueSpecification\",\"valueRequired\":true,\"valueName\":\"search_term_string\"}}],\"inLanguage\":\"en-GB\"},{\"@type\":\"Organization\",\"@id\":\"https:\\\/\\\/5sens.tn\\\/#organization\",\"name\":\"5 Sens, agence de communication tunisie\",\"alternateName\":\"Agence de communication tunisie\",\"url\":\"https:\\\/\\\/5sens.tn\\\/\",\"logo\":{\"@type\":\"ImageObject\",\"inLanguage\":\"en-GB\",\"@id\":\"https:\\\/\\\/5sens.tn\\\/#\\\/schema\\\/logo\\\/image\\\/\",\"url\":\"\",\"contentUrl\":\"\",\"caption\":\"5 Sens, agence de communication tunisie\"},\"image\":{\"@id\":\"https:\\\/\\\/5sens.tn\\\/#\\\/schema\\\/logo\\\/image\\\/\"},\"sameAs\":[\"https:\\\/\\\/www.facebook.com\\\/5sensadvertising\"]}]}<\/script>\n<!-- \/ Yoast SEO plugin. -->","yoast_head_json":{"title":"Politique de cookies (UE) - 5 Sens, agence de communication tunisie","robots":{"index":"noindex","follow":"follow"},"og_locale":"en_GB","og_type":"article","og_title":"Politique de cookies (UE) - 5 Sens, agence de communication tunisie","og_url":"https:\/\/5sens.tn\/en\/politique-de-cookies-ue\/","og_site_name":"5 Sens, agence de communication tunisie","article_publisher":"https:\/\/www.facebook.com\/5sensadvertising","article_modified_time":"2025-10-22T16:17:35+00:00","twitter_card":"summary_large_image","schema":{"@context":"https:\/\/schema.org","@graph":[{"@type":"WebPage","@id":"https:\/\/5sens.tn\/politique-de-cookies-ue\/","url":"https:\/\/5sens.tn\/politique-de-cookies-ue\/","name":"Politique de cookies (UE) - 5 Sens, agence de communication tunisie","isPartOf":{"@id":"https:\/\/5sens.tn\/#website"},"datePublished":"2023-10-10T08:44:10+00:00","dateModified":"2025-10-22T16:17:35+00:00","breadcrumb":{"@id":"https:\/\/5sens.tn\/politique-de-cookies-ue\/#breadcrumb"},"inLanguage":"en-GB","potentialAction":[{"@type":"ReadAction","target":["https:\/\/5sens.tn\/politique-de-cookies-ue\/"]}]},{"@type":"BreadcrumbList","@id":"https:\/\/5sens.tn\/politique-de-cookies-ue\/#breadcrumb","itemListElement":[{"@type":"ListItem","position":1,"name":"Accueil","item":"https:\/\/5sens.tn\/"},{"@type":"ListItem","position":2,"name":"Politique de cookies (UE)"}]},{"@type":"WebSite","@id":"https:\/\/5sens.tn\/#website","url":"https:\/\/5sens.tn\/","name":"5 Sens, agence de communication tunisie","description":"Agence de communication et de conseil en marketing, branding, \u00e9v\u00e8nementiel et strat\u00e9gie digitale","publisher":{"@id":"https:\/\/5sens.tn\/#organization"},"alternateName":"agence de communication tunisie","potentialAction":[{"@type":"SearchAction","target":{"@type":"EntryPoint","urlTemplate":"https:\/\/5sens.tn\/?s={search_term_string}"},"query-input":{"@type":"PropertyValueSpecification","valueRequired":true,"valueName":"search_term_string"}}],"inLanguage":"en-GB"},{"@type":"Organization","@id":"https:\/\/5sens.tn\/#organization","name":"5 Sens, agence de communication tunisie","alternateName":"Agence de communication tunisie","url":"https:\/\/5sens.tn\/","logo":{"@type":"ImageObject","inLanguage":"en-GB","@id":"https:\/\/5sens.tn\/#\/schema\/logo\/image\/","url":"","contentUrl":"","caption":"5 Sens, agence de communication tunisie"},"image":{"@id":"https:\/\/5sens.tn\/#\/schema\/logo\/image\/"},"sameAs":["https:\/\/www.facebook.com\/5sensadvertising"]}]}},"_links":{"self":[{"href":"https:\/\/5sens.tn\/en\/wp-json\/wp\/v2\/pages\/390095","targetHints":{"allow":["GET"]}}],"collection":[{"href":"https:\/\/5sens.tn\/en\/wp-json\/wp\/v2\/pages"}],"about":[{"href":"https:\/\/5sens.tn\/en\/wp-json\/wp\/v2\/types\/page"}],"author":[{"embeddable":true,"href":"https:\/\/5sens.tn\/en\/wp-json\/wp\/v2\/users\/12"}],"replies":[{"embeddable":true,"href":"https:\/\/5sens.tn\/en\/wp-json\/wp\/v2\/comments?post=390095"}],"version-history":[{"count":1,"href":"https:\/\/5sens.tn\/en\/wp-json\/wp\/v2\/pages\/390095\/revisions"}],"predecessor-version":[{"id":396397,"href":"https:\/\/5sens.tn\/en\/wp-json\/wp\/v2\/pages\/390095\/revisions\/396397"}],"wp:attachment":[{"href":"https:\/\/5sens.tn\/en\/wp-json\/wp\/v2\/media?parent=390095"}],"curies":[{"name":"wp","href":"https:\/\/api.w.org\/{rel}","templated":true}]}}