{"id":390444,"date":"2024-07-01T12:56:42","date_gmt":"2024-07-01T10:56:42","guid":{"rendered":"https:\/\/5sens.tn\/?page_id=390444"},"modified":"2026-04-02T23:33:58","modified_gmt":"2026-04-02T21:33:58","slug":"portfolio","status":"publish","type":"page","link":"https:\/\/5sens.tn\/en\/portfolio\/","title":{"rendered":"Portfolio"},"content":{"rendered":"<p>[et_pb_section fb_built=\u00a0\u00bb1&Prime; _builder_version=\u00a0\u00bb4.27.4&Prime; _module_preset=\u00a0\u00bbdefault\u00a0\u00bb background_image=\u00a0\u00bbhttps:\/\/5sens.tn\/wp-content\/uploads\/2024\/07\/02-1.png\u00a0\u00bb height=\u00a0\u00bb265px\u00a0\u00bb height_tablet=\u00a0\u00bb265px\u00a0\u00bb height_phone=\u00a0\u00bb265px\u00a0\u00bb height_last_edited=\u00a0\u00bbon|desktop\u00a0\u00bb custom_padding=\u00a0\u00bb80px||80px||true|false\u00a0\u00bb locked=\u00a0\u00bboff\u00a0\u00bb global_colors_info=\u00a0\u00bb{}\u00a0\u00bb][et_pb_row _builder_version=\u00a0\u00bb4.27.0&Prime; _module_preset=\u00a0\u00bbdefault\u00a0\u00bb width=\u00a0\u00bb100%\u00a0\u00bb max_width=\u00a0\u00bb1920px\u00a0\u00bb module_alignment=\u00a0\u00bbcenter\u00a0\u00bb custom_margin=\u00a0\u00bb30px||||false|false\u00a0\u00bb custom_margin_tablet=\u00a0\u00bb30px||||false|false\u00a0\u00bb custom_margin_phone=\u00a0\u00bb-15px||||false|false\u00a0\u00bb custom_margin_last_edited=\u00a0\u00bbon|phone\u00a0\u00bb custom_padding=\u00a0\u00bb0px||||false|false\u00a0\u00bb global_colors_info=\u00a0\u00bb{}\u00a0\u00bb][et_pb_column type=\u00a0\u00bb4_4&Prime; _builder_version=\u00a0\u00bb4.27.0&Prime; _module_preset=\u00a0\u00bbdefault\u00a0\u00bb global_colors_info=\u00a0\u00bb{}\u00a0\u00bb][et_pb_text _builder_version=\u00a0\u00bb4.27.6&Prime; _module_preset=\u00a0\u00bbdefault\u00a0\u00bb text_font=\u00a0\u00bbPoppins||||||||\u00a0\u00bb header_font=\u00a0\u00bbPoppins|700|||||||\u00a0\u00bb header_text_align=\u00a0\u00bbcenter\u00a0\u00bb header_font_size=\u00a0\u00bb69px\u00a0\u00bb hover_enabled=\u00a0\u00bb0&Prime; text_font_size_tablet=\u00a0\u00bb\u00a0\u00bb text_font_size_phone=\u00a0\u00bb\u00a0\u00bb text_font_size_last_edited=\u00a0\u00bbon|phone\u00a0\u00bb header_font_size_tablet=\u00a0\u00bb50px\u00a0\u00bb header_font_size_phone=\u00a0\u00bb40px\u00a0\u00bb header_font_size_last_edited=\u00a0\u00bbon|phone\u00a0\u00bb global_colors_info=\u00a0\u00bb{}\u00a0\u00bb custom_margin=\u00a0\u00bb||0px||false|false\u00a0\u00bb sticky_enabled=\u00a0\u00bb0&Prime;]<\/p>\n<h1><span style=\"color: #ffffff;\">Port<\/span><span style=\"color: #38bacb;\">folio<\/span><\/h1>\n<p>[\/et_pb_text][dipl_breadcrumb breadcrumb_layout=\u00a0\u00bblayout2&Prime; use_home_link_custom_text=\u00a0\u00bbon\u00a0\u00bb home_link_text=\u00a0\u00bbAccueil\u00a0\u00bb _builder_version=\u00a0\u00bb4.27.6&Prime; _module_preset=\u00a0\u00bbdefault\u00a0\u00bb global_text_settings_text_align=\u00a0\u00bbcenter\u00a0\u00bb text_font=\u00a0\u00bbPoppins||||||||\u00a0\u00bb text_text_color=\u00a0\u00bb#FFFFFF\u00a0\u00bb link_font=\u00a0\u00bbPoppins||||||||\u00a0\u00bb link_text_color=\u00a0\u00bb#FFFFFF\u00a0\u00bb global_colors_info=\u00a0\u00bb{}\u00a0\u00bb locked=\u00a0\u00bboff\u00a0\u00bb][\/dipl_breadcrumb][\/et_pb_column][\/et_pb_row][\/et_pb_section][et_pb_section fb_built=\u00a0\u00bb1&Prime; _builder_version=\u00a0\u00bb4.25.2&Prime; _module_preset=\u00a0\u00bbdefault\u00a0\u00bb global_colors_info=\u00a0\u00bb{}\u00a0\u00bb][et_pb_row _builder_version=\u00a0\u00bb4.27.4&Prime; _module_preset=\u00a0\u00bbdefault\u00a0\u00bb width=\u00a0\u00bb68%\u00a0\u00bb width_tablet=\u00a0\u00bb68%\u00a0\u00bb width_phone=\u00a0\u00bb68%\u00a0\u00bb width_last_edited=\u00a0\u00bbon|phone\u00a0\u00bb max_width=\u00a0\u00bb1392px\u00a0\u00bb max_width_tablet=\u00a0\u00bb1392px\u00a0\u00bb max_width_phone=\u00a0\u00bb1392px\u00a0\u00bb max_width_last_edited=\u00a0\u00bbon|phone\u00a0\u00bb global_colors_info=\u00a0\u00bb{}\u00a0\u00bb][et_pb_column type=\u00a0\u00bb4_4&Prime; _builder_version=\u00a0\u00bb4.25.2&Prime; _module_preset=\u00a0\u00bbdefault\u00a0\u00bb global_colors_info=\u00a0\u00bb{}\u00a0\u00bb][et_pb_filterable_portfolio posts_number=\u00a0\u00bb45&Prime; include_categories=\u00a0\u00bb26,22,24,362,25,23&Prime; show_categories=\u00a0\u00bboff\u00a0\u00bb zoom_icon_color=\u00a0\u00bb#520996&Prime; _builder_version=\u00a0\u00bb4.27.6&Prime; _module_preset=\u00a0\u00bbdefault\u00a0\u00bb title_font=\u00a0\u00bbPoppins||||||||\u00a0\u00bb title_text_align=\u00a0\u00bbleft\u00a0\u00bb title_text_color=\u00a0\u00bb#FFFFFF\u00a0\u00bb title_font_size=\u00a0\u00bb16px\u00a0\u00bb title_line_height=\u00a0\u00bb1em\u00a0\u00bb filter_font=\u00a0\u00bbPoppins||||||||\u00a0\u00bb pagination_font=\u00a0\u00bbPoppins||||||||\u00a0\u00bb text_orientation=\u00a0\u00bbcenter\u00a0\u00bb custom_css_portfolio_filters=\u00a0\u00bbcolor:#520996 !important;||border: none !important;||background: #52099600;||font-weight:600;\u00a0\u00bb custom_css_active_portfolio_filter=\u00a0\u00bbcolor:#520996;||border: none;||background: #52099600;||font-weight:800;\u00a0\u00bb custom_css_portfolio_title=\u00a0\u00bbpadding:10px\u00a0\u00bb custom_css_portfolio_pagination_active=\u00a0\u00bbbackground:#520996;||color:white !important;||padding:5px 10px!important;||border-radius:20px||\u00a0\u00bb border_radii=\u00a0\u00bbon|10px|10px|10px|10px\u00a0\u00bb global_colors_info=\u00a0\u00bb{}\u00a0\u00bb][\/et_pb_filterable_portfolio][et_pb_code _builder_version=\u00a0\u00bb4.27.4&Prime; _module_preset=\u00a0\u00bbdefault\u00a0\u00bb global_colors_info=\u00a0\u00bb{}\u00a0\u00bb]<\/p>\n<style><!-- [et_pb_line_break_holder] --><!-- [et_pb_line_break_holder] -->  .et_pb_gutters3 .et_pb_column_4_4 .et_pb_grid_item{<!-- [et_pb_line_break_holder] -->    box-shadow: rgba(100, 100, 111, 0.2) 0px 7px 29px 0px;<!-- [et_pb_line_break_holder] -->    border-radius:10px<!-- [et_pb_line_break_holder] -->  }<!-- [et_pb_line_break_holder] -->.et_pb_filterable_portfolio .et_pb_portfolio_filters li a <!-- [et_pb_line_break_holder] -->  {<!-- [et_pb_line_break_holder] -->    border:none;<!-- [et_pb_line_break_holder] -->  }<!-- [et_pb_line_break_holder] -->  .et_pb_gutters3 .et_pb_column_4_4 .et_pb_grid_item.et_pb_portfolio_item:nth-child(2n+1), .et_pb_gutters3 .et_pb_column_4_4 .et_pb_shop_grid .woocommerce ul.products li.product:nth-child(2n+1), .et_pb_gutters3 .et_pb_column_4_4 .et_pb_widget:nth-child(4n+1), .et_pb_gutters3.et_pb_row .et_pb_column_4_4 .et_pb_grid_item.et_pb_portfolio_item:nth-child(2n+1), .et_pb_gutters3.et_pb_row .et_pb_column_4_4 .et_pb_shop_grid .woocommerce ul.products li.product:nth-child(2n+1), .et_pb_gutters3.et_pb_row .et_pb_column_4_4 .et_pb_widget:nth-child(2n+1){<!-- [et_pb_line_break_holder] -->background: linear-gradient(0deg, #520996 5%, #A22AFF  50%);<!-- [et_pb_line_break_holder] -->height:280px;<!-- [et_pb_line_break_holder] -->}<!-- [et_pb_line_break_holder] --><!-- [et_pb_line_break_holder] -->.et_pb_gutters3 .et_pb_column_4_4 .et_pb_grid_item.et_pb_portfolio_item:nth-child(2n), .et_pb_gutters3 .et_pb_column_4_4 .et_pb_shop_grid .woocommerce ul.products li.product:nth-child(2n), .et_pb_gutters3 .et_pb_column_4_4 .et_pb_widget:nth-child(4n), .et_pb_gutters3.et_pb_row .et_pb_column_4_4 .et_pb_grid_item.et_pb_portfolio_item:nth-child(2n), .et_pb_gutters3.et_pb_row .et_pb_column_4_4 .et_pb_shop_grid .woocommerce ul.products li.product:nth-child(2n), .et_pb_gutters3.et_pb_row .et_pb_column_4_4 .et_pb_widget:nth-child(2n){<!-- [et_pb_line_break_holder] -->background: linear-gradient(0deg, #36B9CA 5%, #90F4FC 50%);<!-- [et_pb_line_break_holder] -->height:280px;<!-- [et_pb_line_break_holder] -->}<!-- [et_pb_line_break_holder] --><!-- [et_pb_line_break_holder] -->.et_pb_gutters3 .et_pb_column_4_4 .et_pb_grid_item.et_pb_portfolio_item:nth-child(2n+1), .et_pb_gutters3 .et_pb_column_4_4 .et_pb_shop_grid .woocommerce ul.products li.product:nth-child(2n+1), .et_pb_gutters3 .et_pb_column_4_4 .et_pb_widget:nth-child(4n+1), .et_pb_gutters3.et_pb_row .et_pb_column_4_4 .et_pb_grid_item.et_pb_portfolio_item:nth-child(2n+1), .et_pb_gutters3.et_pb_row .et_pb_column_4_4 .et_pb_shop_grid .woocommerce ul.products li.product:nth-child(2n+1), .et_pb_gutters3.et_pb_row .et_pb_column_4_4 .et_pb_widget:nth-child(2n+1){<!-- [et_pb_line_break_holder] -->background: linear-gradient(0deg, #520996 5%, #A22AFF 50%);<!-- [et_pb_line_break_holder] -->height:280px;<!-- [et_pb_line_break_holder] -->}<!-- [et_pb_line_break_holder] --><!-- [et_pb_line_break_holder] -->.et_pb_gutters3 .et_pb_column_4_4 .et_pb_grid_item.et_pb_portfolio_item:nth-child(4+2n), .et_pb_gutters3 .et_pb_column_4_4 .et_pb_shop_grid .woocommerce ul.products li.product:nth-child(2n), .et_pb_gutters3 .et_pb_column_4_4 .et_pb_widget:nth-child(2n), .et_pb_gutters3.et_pb_row .et_pb_column_4_4 .et_pb_grid_item.et_pb_portfolio_item:nth-child(2n), .et_pb_gutters3.et_pb_row .et_pb_column_4_4 .et_pb_shop_grid .woocommerce ul.products li.product:nth-child(2n), .et_pb_gutters3.et_pb_row .et_pb_column_4_4 .et_pb_widget:nth-child(2n){<!-- [et_pb_line_break_holder] -->background: linear-gradient(0deg, #36B9CA 5%, #90F4FC 50%);<!-- [et_pb_line_break_holder] -->height:280px;<!-- [et_pb_line_break_holder] -->}<!-- [et_pb_line_break_holder] -->  <!-- [et_pb_line_break_holder] -->  <!-- [et_pb_line_break_holder] --><\/style>\n<p><!-- [et_pb_line_break_holder] -->[\/et_pb_code][\/et_pb_column][\/et_pb_row][\/et_pb_section]<\/p>\n","protected":false},"excerpt":{"rendered":"<p>Portfolio<div class=\"et_pb_module dipl_breadcrumb dipl_breadcrumb_0\">\n\t\t\t\t\n\t\t\t\t\n\t\t\t\t\n\t\t\t\t\n\t\t\t\t\n\t\t\t\t\n\t\t\t\t<div class=\"et_pb_module_inner\">\n\t\t\t\t\t<div class=\"dipl-breadcrumb-wrapper layout2\">\n\t\t\t\t<ol class=\"dipl-breadcrumb-inner\" vocab=\"https:\/\/schema.org\/\" typeof=\"BreadcrumbList\">\n\t\t\t\t\t<li property=\"itemListElement\" typeof=\"ListItem\" data-icon=\"&#x24;\">\n\t\t\t\t\t\t\t\t<a class=\"breadcrumb-item dipl-home-page\" href=\"https:\/\/5sens.tn\/en\" property=\"item\" typeof=\"WebPage\" >\n\t\t\t\t\t\t\t\t\t<span class=\"breadcrumb-page\" property=\"name\">Home<\/span>\n\t\t\t\t\t\t\t\t<\/a>\n\t\t\t\t\t\t\t\t<meta property=\"position\" content=\"1\" \/>\n\t\t\t\t\t\t\t<\/li>\n\t\t\t\t<\/ol>\n\t\t\t<\/div>\n\t\t\t\t<\/div>\n\t\t\t<\/div><\/p>","protected":false},"author":11,"featured_media":0,"parent":0,"menu_order":0,"comment_status":"closed","ping_status":"closed","template":"","meta":{"_acf_changed":false,"_et_pb_use_builder":"on","_et_pb_old_content":"","_et_gb_content_width":"","footnotes":""},"class_list":["post-390444","page","type-page","status-publish","hentry"],"acf":[],"yoast_head":"<!-- This site is optimized with the Yoast SEO plugin v27.3 - https:\/\/yoast.com\/product\/yoast-seo-wordpress\/ -->\n<title>Portfolio - 5 sens agence de communication Tunisie<\/title>\n<meta name=\"description\" content=\"D\u00e9couvrez le portfolio de notre agence de communication en Tunisie : projets cr\u00e9atifs, campagnes 360\u00b0, branding &amp; digital sign\u00e9s 5 Sens\" \/>\n<meta name=\"robots\" content=\"index, follow, max-snippet:-1, max-image-preview:large, max-video-preview:-1\" \/>\n<link rel=\"canonical\" href=\"https:\/\/5sens.tn\/en\/portfolio\/\" \/>\n<meta property=\"og:locale\" content=\"en_GB\" \/>\n<meta property=\"og:type\" content=\"article\" \/>\n<meta property=\"og:title\" content=\"Portfolio - 5 sens agence de communication Tunisie\" \/>\n<meta property=\"og:description\" content=\"D\u00e9couvrez le portfolio de notre agence de communication en Tunisie : projets cr\u00e9atifs, campagnes 360\u00b0, branding &amp; digital sign\u00e9s 5 Sens\" \/>\n<meta property=\"og:url\" content=\"https:\/\/5sens.tn\/en\/portfolio\/\" \/>\n<meta property=\"og:site_name\" content=\"5 Sens, agence de communication tunisie\" \/>\n<meta property=\"article:publisher\" content=\"https:\/\/www.facebook.com\/5sensadvertising\" \/>\n<meta property=\"article:modified_time\" content=\"2026-04-02T21:33:58+00:00\" \/>\n<meta name=\"twitter:card\" content=\"summary_large_image\" \/>\n<meta name=\"twitter:label1\" content=\"Estimated reading time\" \/>\n\t<meta name=\"twitter:data1\" content=\"2 minutes\" \/>\n<script type=\"application\/ld+json\" class=\"yoast-schema-graph\">{\"@context\":\"https:\\\/\\\/schema.org\",\"@graph\":[{\"@type\":\"WebPage\",\"@id\":\"https:\\\/\\\/5sens.tn\\\/portfolio\\\/\",\"url\":\"https:\\\/\\\/5sens.tn\\\/portfolio\\\/\",\"name\":\"Portfolio - 5 sens agence de communication Tunisie\",\"isPartOf\":{\"@id\":\"https:\\\/\\\/5sens.tn\\\/#website\"},\"datePublished\":\"2024-07-01T10:56:42+00:00\",\"dateModified\":\"2026-04-02T21:33:58+00:00\",\"description\":\"D\u00e9couvrez le portfolio de notre agence de communication en Tunisie : projets cr\u00e9atifs, campagnes 360\u00b0, branding & digital sign\u00e9s 5 Sens\",\"breadcrumb\":{\"@id\":\"https:\\\/\\\/5sens.tn\\\/portfolio\\\/#breadcrumb\"},\"inLanguage\":\"en-GB\",\"potentialAction\":[{\"@type\":\"ReadAction\",\"target\":[\"https:\\\/\\\/5sens.tn\\\/portfolio\\\/\"]}]},{\"@type\":\"BreadcrumbList\",\"@id\":\"https:\\\/\\\/5sens.tn\\\/portfolio\\\/#breadcrumb\",\"itemListElement\":[{\"@type\":\"ListItem\",\"position\":1,\"name\":\"Accueil\",\"item\":\"https:\\\/\\\/5sens.tn\\\/\"},{\"@type\":\"ListItem\",\"position\":2,\"name\":\"Portfolio\"}]},{\"@type\":\"WebSite\",\"@id\":\"https:\\\/\\\/5sens.tn\\\/#website\",\"url\":\"https:\\\/\\\/5sens.tn\\\/\",\"name\":\"5 Sens, agence de communication tunisie\",\"description\":\"Agence de communication et de conseil en marketing, branding, \u00e9v\u00e8nementiel et strat\u00e9gie digitale\",\"publisher\":{\"@id\":\"https:\\\/\\\/5sens.tn\\\/#organization\"},\"alternateName\":\"agence de communication tunisie\",\"potentialAction\":[{\"@type\":\"SearchAction\",\"target\":{\"@type\":\"EntryPoint\",\"urlTemplate\":\"https:\\\/\\\/5sens.tn\\\/?s={search_term_string}\"},\"query-input\":{\"@type\":\"PropertyValueSpecification\",\"valueRequired\":true,\"valueName\":\"search_term_string\"}}],\"inLanguage\":\"en-GB\"},{\"@type\":\"Organization\",\"@id\":\"https:\\\/\\\/5sens.tn\\\/#organization\",\"name\":\"5 Sens, agence de communication tunisie\",\"alternateName\":\"Agence de communication tunisie\",\"url\":\"https:\\\/\\\/5sens.tn\\\/\",\"logo\":{\"@type\":\"ImageObject\",\"inLanguage\":\"en-GB\",\"@id\":\"https:\\\/\\\/5sens.tn\\\/#\\\/schema\\\/logo\\\/image\\\/\",\"url\":\"\",\"contentUrl\":\"\",\"caption\":\"5 Sens, agence de communication tunisie\"},\"image\":{\"@id\":\"https:\\\/\\\/5sens.tn\\\/#\\\/schema\\\/logo\\\/image\\\/\"},\"sameAs\":[\"https:\\\/\\\/www.facebook.com\\\/5sensadvertising\"]}]}<\/script>\n<!-- \/ Yoast SEO plugin. -->","yoast_head_json":{"title":"Portfolio - 5 sens agence de communication Tunisie","description":"D\u00e9couvrez le portfolio de notre agence de communication en Tunisie : projets cr\u00e9atifs, campagnes 360\u00b0, branding & digital sign\u00e9s 5 Sens","robots":{"index":"index","follow":"follow","max-snippet":"max-snippet:-1","max-image-preview":"max-image-preview:large","max-video-preview":"max-video-preview:-1"},"canonical":"https:\/\/5sens.tn\/en\/portfolio\/","og_locale":"en_GB","og_type":"article","og_title":"Portfolio - 5 sens agence de communication Tunisie","og_description":"D\u00e9couvrez le portfolio de notre agence de communication en Tunisie : projets cr\u00e9atifs, campagnes 360\u00b0, branding & digital sign\u00e9s 5 Sens","og_url":"https:\/\/5sens.tn\/en\/portfolio\/","og_site_name":"5 Sens, agence de communication tunisie","article_publisher":"https:\/\/www.facebook.com\/5sensadvertising","article_modified_time":"2026-04-02T21:33:58+00:00","twitter_card":"summary_large_image","twitter_misc":{"Estimated reading time":"2 minutes"},"schema":{"@context":"https:\/\/schema.org","@graph":[{"@type":"WebPage","@id":"https:\/\/5sens.tn\/portfolio\/","url":"https:\/\/5sens.tn\/portfolio\/","name":"Portfolio - 5 sens agence de communication Tunisie","isPartOf":{"@id":"https:\/\/5sens.tn\/#website"},"datePublished":"2024-07-01T10:56:42+00:00","dateModified":"2026-04-02T21:33:58+00:00","description":"D\u00e9couvrez le portfolio de notre agence de communication en Tunisie : projets cr\u00e9atifs, campagnes 360\u00b0, branding & digital sign\u00e9s 5 Sens","breadcrumb":{"@id":"https:\/\/5sens.tn\/portfolio\/#breadcrumb"},"inLanguage":"en-GB","potentialAction":[{"@type":"ReadAction","target":["https:\/\/5sens.tn\/portfolio\/"]}]},{"@type":"BreadcrumbList","@id":"https:\/\/5sens.tn\/portfolio\/#breadcrumb","itemListElement":[{"@type":"ListItem","position":1,"name":"Accueil","item":"https:\/\/5sens.tn\/"},{"@type":"ListItem","position":2,"name":"Portfolio"}]},{"@type":"WebSite","@id":"https:\/\/5sens.tn\/#website","url":"https:\/\/5sens.tn\/","name":"5 Sens, agence de communication tunisie","description":"Agence de communication et de conseil en marketing, branding, \u00e9v\u00e8nementiel et strat\u00e9gie digitale","publisher":{"@id":"https:\/\/5sens.tn\/#organization"},"alternateName":"agence de communication tunisie","potentialAction":[{"@type":"SearchAction","target":{"@type":"EntryPoint","urlTemplate":"https:\/\/5sens.tn\/?s={search_term_string}"},"query-input":{"@type":"PropertyValueSpecification","valueRequired":true,"valueName":"search_term_string"}}],"inLanguage":"en-GB"},{"@type":"Organization","@id":"https:\/\/5sens.tn\/#organization","name":"5 Sens, agence de communication tunisie","alternateName":"Agence de communication tunisie","url":"https:\/\/5sens.tn\/","logo":{"@type":"ImageObject","inLanguage":"en-GB","@id":"https:\/\/5sens.tn\/#\/schema\/logo\/image\/","url":"","contentUrl":"","caption":"5 Sens, agence de communication tunisie"},"image":{"@id":"https:\/\/5sens.tn\/#\/schema\/logo\/image\/"},"sameAs":["https:\/\/www.facebook.com\/5sensadvertising"]}]}},"_links":{"self":[{"href":"https:\/\/5sens.tn\/en\/wp-json\/wp\/v2\/pages\/390444","targetHints":{"allow":["GET"]}}],"collection":[{"href":"https:\/\/5sens.tn\/en\/wp-json\/wp\/v2\/pages"}],"about":[{"href":"https:\/\/5sens.tn\/en\/wp-json\/wp\/v2\/types\/page"}],"author":[{"embeddable":true,"href":"https:\/\/5sens.tn\/en\/wp-json\/wp\/v2\/users\/11"}],"replies":[{"embeddable":true,"href":"https:\/\/5sens.tn\/en\/wp-json\/wp\/v2\/comments?post=390444"}],"version-history":[{"count":4,"href":"https:\/\/5sens.tn\/en\/wp-json\/wp\/v2\/pages\/390444\/revisions"}],"predecessor-version":[{"id":398113,"href":"https:\/\/5sens.tn\/en\/wp-json\/wp\/v2\/pages\/390444\/revisions\/398113"}],"wp:attachment":[{"href":"https:\/\/5sens.tn\/en\/wp-json\/wp\/v2\/media?parent=390444"}],"curies":[{"name":"wp","href":"https:\/\/api.w.org\/{rel}","templated":true}]}}